{"id":50,"date":"2024-05-29T21:34:59","date_gmt":"2024-05-29T19:34:59","guid":{"rendered":"https:\/\/info.modenska746.cz\/?page_id=50"},"modified":"2025-06-03T14:58:17","modified_gmt":"2025-06-03T12:58:17","slug":"kontakty","status":"publish","type":"page","link":"https:\/\/info.modenska746.cz\/index.php\/kontakty\/","title":{"rendered":"kontakty"},"content":{"rendered":"\n<h2 class=\"wp-block-heading\"><strong>V\u00fdbor SVJ<\/strong><\/h2>\n\n\n\n<figure class=\"wp-block-table is-style-stripes\"><table><tbody><tr><td><strong>Funkce<\/strong><\/td><td><strong>Jm\u00e9no<\/strong><\/td><\/tr><tr><td>P\u0159edsedkyn\u011b SVJ<\/td><td>Tereza Mandov\u00e1<\/td><\/tr><tr><td>M\u00edstop\u0159edseda v\u00fdboru SVJ<\/td><td>Michal Mr\u00e1zek<\/td><\/tr><tr><td>\u010clen v\u00fdboru SVJ<\/td><td>Josef Jir\u00e1k<\/td><\/tr><\/tbody><\/table><figcaption class=\"wp-element-caption\">kontaktn\u00ed e-mail: <a href=\"mailto:vyborab@gmail.com\">vyborab@gmail.com<\/a><\/figcaption><\/figure>\n\n\n\n<hr class=\"wp-block-separator has-alpha-channel-opacity\"\/>\n\n\n\n<h2 class=\"wp-block-heading\"><strong>Spr\u00e1vce objektu (OptimCare s.r.o.)<\/strong><\/h2>\n\n\n\n<figure class=\"wp-block-table is-style-stripes\"><table><tbody><tr><td><strong>Odd\u011blen\u00ed<\/strong><\/td><td><strong>E-mail<\/strong><\/td><td><strong>Telefon<\/strong><\/td><\/tr><tr><td>Sekretari\u00e1t, administrativa<\/td><td><a href=\"mailto:office@optimcare.cz\">parilova@optimcare.cz<\/a><\/td><td>778 743 136<\/td><\/tr><tr><td>\u00da\u010detnictv\u00ed<\/td><td><a href=\"mailto:stavrovska@optimcare.cz\">navarova@optimcare.cz<\/a><\/td><td>778 743 134<\/td><\/tr><tr><td>P\u0159edpisy z\u00e1loh<\/td><td><a href=\"mailto:evidence@optimcare.cz\">sahan@optimcare.cz<\/a><\/td><td>725 607 387<\/td><\/tr><tr><td>Technik domu (v pracovn\u00ed dob\u011b)<\/td><td><a href=\"mailto:kucera@optimcare.cz\">kucera@optimcare.cz<\/a><\/td><td>778 743 147<\/td><\/tr><tr><td>Havarijn\u00ed slu\u017eba (mimo pracovn\u00ed dobu)<\/td><td><a href=\"mailto:technici@optimcare.cz\">technici@optimcare.cz<\/a><\/td><td>774 725 307<\/td><\/tr><tr><td>Kl\u00ed\u010de a ovlada\u010de od gar\u00e1\u017e\u00ed<\/td><td><a href=\"mailto:prochazkova@optimcare.cz\">prochazkova@optimcare.cz<\/a><\/td><td>778&nbsp;743 132<\/td><\/tr><\/tbody><\/table><\/figure>\n\n\n\n<hr class=\"wp-block-separator has-alpha-channel-opacity\"\/>\n\n\n\n<h2 class=\"wp-block-heading\"><strong>D\u016fle\u017eit\u00e1 telefonn\u00ed \u010d\u00edsla<\/strong><\/h2>\n\n\n\n<figure class=\"wp-block-table is-style-stripes\"><table><tbody><tr><td>Hasi\u010dsk\u00fd z\u00e1chrann\u00fd sbor<\/td><td class=\"has-text-align-center\" data-align=\"center\">150<\/td><\/tr><tr><td>Z\u00e1chrann\u00e1 slu\u017eba<\/td><td class=\"has-text-align-center\" data-align=\"center\">155<\/td><\/tr><tr><td>M\u011bstsk\u00e1 policie<\/td><td class=\"has-text-align-center\" data-align=\"center\">156<\/td><\/tr><tr><td>Policie \u010cR<\/td><td class=\"has-text-align-center\" data-align=\"center\">158<\/td><\/tr><tr><td>Jednotn\u00e9 \u010d\u00edslo t\u00eds\u0148ov\u00e9ho vol\u00e1n\u00ed<\/td><td class=\"has-text-align-center\" data-align=\"center\">112<\/td><\/tr><tr><td>Poruchy v dod\u00e1vce el. energie (b\u011b\u017en\u00e9 poruchy)<\/td><td class=\"has-text-align-center\" data-align=\"center\">800 823 823<\/td><\/tr><tr><td>Poruchy v dod\u00e1vce el. energie (poruchy ohro\u017euj\u00edc\u00ed \u017eivot)<\/td><td class=\"has-text-align-center\" data-align=\"center\">224 919 473<\/td><\/tr><tr><td>Poruchy v\u00fdtah\u016f (KONE)<\/td><td class=\"has-text-align-center\" data-align=\"center\">800 115 115<\/td><\/tr><tr><td>Poruchy g\u00e1r\u00e1\u017eov\u00fdch vjezdov\u00fdch vrat (Altoma)<\/td><td class=\"has-text-align-center\" data-align=\"center\">602 616 042<\/td><\/tr><\/tbody><\/table><\/figure>\n\n\n\n<hr class=\"wp-block-separator has-alpha-channel-opacity\"\/>\n\n\n\n<h2 class=\"wp-block-heading\">Um\u00edst\u011bn\u00ed SVJ<\/h2>\n\n\n\n<iframe src=\"https:\/\/www.google.com\/maps\/embed?pb=!1m18!1m12!1m3!1d2562.391769862925!2d14.565668776231677!3d50.04149191672589!2m3!1f0!2f0!3f0!3m2!1i1024!2i768!4f13.1!3m3!1m2!1s0x470b8d17f92e0d41%3A0xe170c5e85bf0ee2a!2sModensk%C3%A1%20746%2C%20109%2000%20Praha-Petrovice!5e0!3m2!1scs!2scz!4v1717013117877!5m2!1scs!2scz\" width=\"600\" height=\"450\" style=\"border:0;\" allowfullscreen=\"\" loading=\"lazy\" referrerpolicy=\"no-referrer-when-downgrade\"><\/iframe>\n","protected":false},"excerpt":{"rendered":"<p>V\u00fdbor SVJ Funkce Jm\u00e9no P\u0159edsedkyn\u011b SVJ Tereza Mandov\u00e1 M\u00edstop\u0159edseda v\u00fdboru SVJ Michal Mr\u00e1zek \u010clen v\u00fdboru SVJ Josef Jir\u00e1k kontaktn\u00ed e-mail: vyborab@gmail.com Spr\u00e1vce objektu (OptimCare s.r.o.) Odd\u011blen\u00ed E-mail Telefon Sekretari\u00e1t, administrativa parilova@optimcare.cz 778 743 136 \u00da\u010detnictv\u00ed navarova@optimcare.cz 778 743 134 P\u0159edpisy z\u00e1loh sahan@optimcare.cz 725 607 387 Technik domu (v pracovn\u00ed dob\u011b) kucera@optimcare.cz 778 743 147 Havarijn\u00ed slu\u017eba (mimo pracovn\u00ed dobu) technici@optimcare.cz 774 725 307 Kl\u00ed\u010de a ovlada\u010de od gar\u00e1\u017e\u00ed prochazkova@optimcare.cz 778&nbsp;743<\/p>\n<div class=\"belowpost\">\n<div class=\"postdate\">29. 5. 2024<\/div>\n<div><a class=\"more-link\" href=\"https:\/\/info.modenska746.cz\/index.php\/kontakty\/\">Read More<\/a><\/div>\n<\/p><\/div>\n","protected":false},"author":1,"featured_media":0,"parent":0,"menu_order":0,"comment_status":"closed","ping_status":"closed","template":"","meta":{"footnotes":""},"class_list":["post-50","page","type-page","status-publish","hentry"],"_links":{"self":[{"href":"https:\/\/info.modenska746.cz\/index.php\/wp-json\/wp\/v2\/pages\/50","targetHints":{"allow":["GET"]}}],"collection":[{"href":"https:\/\/info.modenska746.cz\/index.php\/wp-json\/wp\/v2\/pages"}],"about":[{"href":"https:\/\/info.modenska746.cz\/index.php\/wp-json\/wp\/v2\/types\/page"}],"author":[{"embeddable":true,"href":"https:\/\/info.modenska746.cz\/index.php\/wp-json\/wp\/v2\/users\/1"}],"replies":[{"embeddable":true,"href":"https:\/\/info.modenska746.cz\/index.php\/wp-json\/wp\/v2\/comments?post=50"}],"version-history":[{"count":15,"href":"https:\/\/info.modenska746.cz\/index.php\/wp-json\/wp\/v2\/pages\/50\/revisions"}],"predecessor-version":[{"id":301,"href":"https:\/\/info.modenska746.cz\/index.php\/wp-json\/wp\/v2\/pages\/50\/revisions\/301"}],"wp:attachment":[{"href":"https:\/\/info.modenska746.cz\/index.php\/wp-json\/wp\/v2\/media?parent=50"}],"curies":[{"name":"wp","href":"https:\/\/api.w.org\/{rel}","templated":true}]}}